{"id":1072,"date":"2024-04-16T08:21:25","date_gmt":"2024-04-16T08:21:25","guid":{"rendered":"https:\/\/solversx.wpprosites.com\/?page_id=1072"},"modified":"2024-09-19T12:02:33","modified_gmt":"2024-09-19T12:02:33","slug":"run-in-house","status":"publish","type":"page","link":"https:\/\/solversx.wpprosites.com\/fr\/run-in-house\/","title":{"rendered":"En Entreprise"},"content":{"rendered":"<nav id=\"breadcrumbs\" aria-label=\"Breadcrumbs\"><a href=\"https:\/\/solversx.wpprosites.com\/fr\/\">Accueil<\/a> \u00bb Run-in-House<\/nav>\n\t<p>Voyez-vous des limites aux formations g\u00e9n\u00e9riques ? D\u00e9couvrez nos sessions sur mesure en interne, con\u00e7ues pour r\u00e9pondre \u00e0 vos objectifs et besoins sp\u00e9cifiques.<\/p>\n\t\t\t<a href=\"https:\/\/solversx.wpprosites.com\/fr\/contact\/\" target=\"_self\" rel=\"noopener\">\n\t\t\t\t\t\t\tCONTACTEZ-NOUS\n\t\t\t\t\t<\/a>\n<h3>\n\t\tToutes nos sessions de formation peuvent \u00eatre dispens\u00e9es en interne, vous offrant ainsi la valeur personnalis\u00e9e que vous recherchez.\n\t<\/h3>\n\t\t\t\t\t\t\t<img decoding=\"async\" src=\"https:\/\/solversx.wpprosites.com\/wp-content\/uploads\/2024\/09\/Company-Specific.png\" alt=\"Company Specific\" \/>\n\t\t<h3>Contexte sp\u00e9cifique \u00e0 l'entreprise<\/h3>\n\t\t\t\t\t<p>Enhance practical application through tailored examples from your organization&#8217;s environment.<\/p>\t\t\t\t\n\t\t\t\t\t\t\t<img decoding=\"async\" src=\"https:\/\/solversx.wpprosites.com\/wp-content\/uploads\/2024\/09\/Confidentialite.png\" alt=\"Confidentialit\u00e9\" \/>\n\t\t<h3>Confidentialit\u00e9<\/h3>\n\t\t\t\t\t<p>Maintenez la confidentialit\u00e9 et la s\u00e9curit\u00e9 en vous exprimant sur votre environnement professionnel sans exposer votre entreprise.<\/p>\t\t\t\t\n\t\t\t\t\t\t\t<img decoding=\"async\" src=\"https:\/\/solversx.wpprosites.com\/wp-content\/uploads\/2024\/09\/Flexibility.png\" alt=\"Flexibility\" \/>\n\t\t<h3>Flexibilit\u00e9<\/h3>\n\t\t\t\t\t<p>Adapt training schedules and content to suit the company&#8217;s operational needs, optimizing convenience and participation.<\/p>\t\t\t\t\n\t\t\t\t\t\t\t<img decoding=\"async\" src=\"https:\/\/solversx.wpprosites.com\/wp-content\/uploads\/2024\/09\/Immediate-Application.png\" alt=\"Immediate Application\" \/>\n\t\t<h3>Application imm\u00e9diate<\/h3>\n\t\t\t\t\t<p>Renforcez les nouvelles comp\u00e9tences directement sur votre lieu de travail.<\/p>\t\t\t\t\n\t\t\t\t\t\t\t<img decoding=\"async\" src=\"https:\/\/solversx.wpprosites.com\/wp-content\/uploads\/2024\/09\/Team-Building.png\" alt=\"Team Building\" \/>\n\t\t<h3>Coh\u00e9sion d'\u00e9quipe<\/h3>\n\t\t\t\t\t<p>Favorisez la coh\u00e9sion et la collaboration entre les employ\u00e9s gr\u00e2ce \u00e0 des exp\u00e9riences d'apprentissage partag\u00e9es et au d\u00e9veloppement mutuel des comp\u00e9tences.<\/p>\t\t\t\t\n\t\t\t\t\t\t\t<img decoding=\"async\" src=\"https:\/\/solversx.wpprosites.com\/wp-content\/uploads\/2024\/09\/Positve-Emulation.png\" alt=\"Positve Emulation\" \/>\n\t\t<h3>\u00c9mulation positive<\/h3>\n\t\t\t\t\t<p>Inspirez et motivez les employ\u00e9s en montrant des exemples de d\u00e9veloppement r\u00e9ussi des comp\u00e9tences et en encourageant une culture d'am\u00e9lioration continue.<\/p>\t\t\t\t\n\t\t<h2>\n\t\t\tNous sommes fiers des r\u00e9alisations et de l'engagement de nos formateurs\n\t\t<\/h2>\n\t\t\t15k+\n\t\t\t\t\t\t\ttraining hours\n\t\t\t3k+\n\t\t\t\t\t\t\ttraining sessions\n\t\t\t19k+\n\t\t\t\t\t\t\ttrainees\n\t\t\t\t\t\t\tAccros\n\t\t\t10+\n\t\t\t\t\t\t\tdifferent sectors","protected":false},"excerpt":{"rendered":"<p>Home \u00bb Run-in-House Do you see limitations in generic trainings? Explore our bespoke in-house sessions that focus on your unique goals and needs. Contact Us All our training sessions can be delivered in-house, ensuring they provide you with the customized value you are looking for. Company-Specific Context Enhance practical application through tailored examples from your&hellip;<\/p>","protected":false},"author":2,"featured_media":3068,"parent":0,"menu_order":0,"comment_status":"closed","ping_status":"closed","template":"","meta":{"nf_dc_page":"","footnotes":""},"class_list":["post-1072","page","type-page","status-publish","has-post-thumbnail","hentry"],"yoast_head":"<!-- This site is optimized with the Yoast SEO plugin v23.5 - https:\/\/yoast.com\/wordpress\/plugins\/seo\/ -->\n<title>Run-in-House: Academy by SOLVERSX \u2013 Where expertise and experience meet a passion for professional education<\/title>\n<meta name=\"description\" content=\"Discover our comprehensive training offer, designed to address the concerns of high-performing and innovative individuals and companies.\" \/>\n<meta name=\"robots\" content=\"noindex, follow, max-snippet:-1, max-image-preview:large, max-video-preview:-1\" \/>\n<meta property=\"og:locale\" content=\"fr_FR\" \/>\n<meta property=\"og:type\" content=\"article\" \/>\n<meta property=\"og:title\" content=\"Run-in-House: Academy by SOLVERSX \u2013 Where expertise and experience meet a passion for professional education\" \/>\n<meta property=\"og:description\" content=\"Discover our comprehensive training offer, designed to address the concerns of high-performing and innovative individuals and companies.\" \/>\n<meta property=\"og:url\" content=\"https:\/\/solversx.wpprosites.com\/fr\/run-in-house\/\" \/>\n<meta property=\"og:site_name\" content=\"SOLVERSX Academy\" \/>\n<meta property=\"article:modified_time\" content=\"2024-09-19T12:02:33+00:00\" \/>\n<meta property=\"og:image\" content=\"https:\/\/solversx.wpprosites.com\/wp-content\/uploads\/2024\/08\/favicon.png\" \/>\n\t<meta property=\"og:image:width\" content=\"512\" \/>\n\t<meta property=\"og:image:height\" content=\"512\" \/>\n\t<meta property=\"og:image:type\" content=\"image\/png\" \/>\n<meta name=\"twitter:card\" content=\"summary_large_image\" \/>\n<meta name=\"twitter:label1\" content=\"Dur\u00e9e de lecture estim\u00e9e\" \/>\n\t<meta name=\"twitter:data1\" content=\"2 minutes\" \/>\n<script type=\"application\/ld+json\" class=\"yoast-schema-graph\">{\"@context\":\"https:\/\/schema.org\",\"@graph\":[{\"@type\":\"WebPage\",\"@id\":\"https:\/\/solversx.wpprosites.com\/run-in-house\/\",\"url\":\"https:\/\/solversx.wpprosites.com\/run-in-house\/\",\"name\":\"Run-in-House: Academy by SOLVERSX \u2013 Where expertise and experience meet a passion for professional education\",\"isPartOf\":{\"@id\":\"https:\/\/solversx.wpprosites.com\/#website\"},\"primaryImageOfPage\":{\"@id\":\"https:\/\/solversx.wpprosites.com\/run-in-house\/#primaryimage\"},\"image\":{\"@id\":\"https:\/\/solversx.wpprosites.com\/run-in-house\/#primaryimage\"},\"thumbnailUrl\":\"https:\/\/solversx.wpprosites.com\/wp-content\/uploads\/2024\/08\/favicon.png\",\"datePublished\":\"2024-04-16T08:21:25+00:00\",\"dateModified\":\"2024-09-19T12:02:33+00:00\",\"description\":\"Discover our comprehensive training offer, designed to address the concerns of high-performing and innovative individuals and companies.\",\"breadcrumb\":{\"@id\":\"https:\/\/solversx.wpprosites.com\/run-in-house\/#breadcrumb\"},\"inLanguage\":\"fr-FR\",\"potentialAction\":[{\"@type\":\"ReadAction\",\"target\":[\"https:\/\/solversx.wpprosites.com\/run-in-house\/\"]}]},{\"@type\":\"ImageObject\",\"inLanguage\":\"fr-FR\",\"@id\":\"https:\/\/solversx.wpprosites.com\/run-in-house\/#primaryimage\",\"url\":\"https:\/\/solversx.wpprosites.com\/wp-content\/uploads\/2024\/08\/favicon.png\",\"contentUrl\":\"https:\/\/solversx.wpprosites.com\/wp-content\/uploads\/2024\/08\/favicon.png\",\"width\":512,\"height\":512,\"caption\":\"favicon\"},{\"@type\":\"BreadcrumbList\",\"@id\":\"https:\/\/solversx.wpprosites.com\/run-in-house\/#breadcrumb\",\"itemListElement\":[{\"@type\":\"ListItem\",\"position\":1,\"name\":\"Home\",\"item\":\"https:\/\/solversx.wpprosites.com\/\"},{\"@type\":\"ListItem\",\"position\":2,\"name\":\"Run-in-House\"}]},{\"@type\":\"WebSite\",\"@id\":\"https:\/\/solversx.wpprosites.com\/#website\",\"url\":\"https:\/\/solversx.wpprosites.com\/\",\"name\":\"SOLVERSX Academy\",\"description\":\"\",\"potentialAction\":[{\"@type\":\"SearchAction\",\"target\":{\"@type\":\"EntryPoint\",\"urlTemplate\":\"https:\/\/solversx.wpprosites.com\/?s={search_term_string}\"},\"query-input\":{\"@type\":\"PropertyValueSpecification\",\"valueRequired\":true,\"valueName\":\"search_term_string\"}}],\"inLanguage\":\"fr-FR\"}]}<\/script>\n<!-- \/ Yoast SEO plugin. -->","yoast_head_json":{"title":"Run-in-House: Academy by SOLVERSX \u2013 Where expertise and experience meet a passion for professional education","description":"Discover our comprehensive training offer, designed to address the concerns of high-performing and innovative individuals and companies.","robots":{"index":"noindex","follow":"follow","max-snippet":"max-snippet:-1","max-image-preview":"max-image-preview:large","max-video-preview":"max-video-preview:-1"},"og_locale":"fr_FR","og_type":"article","og_title":"Run-in-House: Academy by SOLVERSX \u2013 Where expertise and experience meet a passion for professional education","og_description":"Discover our comprehensive training offer, designed to address the concerns of high-performing and innovative individuals and companies.","og_url":"https:\/\/solversx.wpprosites.com\/fr\/run-in-house\/","og_site_name":"SOLVERSX Academy","article_modified_time":"2024-09-19T12:02:33+00:00","og_image":[{"width":512,"height":512,"url":"https:\/\/solversx.wpprosites.com\/wp-content\/uploads\/2024\/08\/favicon.png","type":"image\/png"}],"twitter_card":"summary_large_image","twitter_misc":{"Dur\u00e9e de lecture estim\u00e9e":"2 minutes"},"schema":{"@context":"https:\/\/schema.org","@graph":[{"@type":"WebPage","@id":"https:\/\/solversx.wpprosites.com\/run-in-house\/","url":"https:\/\/solversx.wpprosites.com\/run-in-house\/","name":"Run-in-House: Academy by SOLVERSX \u2013 Where expertise and experience meet a passion for professional education","isPartOf":{"@id":"https:\/\/solversx.wpprosites.com\/#website"},"primaryImageOfPage":{"@id":"https:\/\/solversx.wpprosites.com\/run-in-house\/#primaryimage"},"image":{"@id":"https:\/\/solversx.wpprosites.com\/run-in-house\/#primaryimage"},"thumbnailUrl":"https:\/\/solversx.wpprosites.com\/wp-content\/uploads\/2024\/08\/favicon.png","datePublished":"2024-04-16T08:21:25+00:00","dateModified":"2024-09-19T12:02:33+00:00","description":"Discover our comprehensive training offer, designed to address the concerns of high-performing and innovative individuals and companies.","breadcrumb":{"@id":"https:\/\/solversx.wpprosites.com\/run-in-house\/#breadcrumb"},"inLanguage":"fr-FR","potentialAction":[{"@type":"ReadAction","target":["https:\/\/solversx.wpprosites.com\/run-in-house\/"]}]},{"@type":"ImageObject","inLanguage":"fr-FR","@id":"https:\/\/solversx.wpprosites.com\/run-in-house\/#primaryimage","url":"https:\/\/solversx.wpprosites.com\/wp-content\/uploads\/2024\/08\/favicon.png","contentUrl":"https:\/\/solversx.wpprosites.com\/wp-content\/uploads\/2024\/08\/favicon.png","width":512,"height":512,"caption":"favicon"},{"@type":"BreadcrumbList","@id":"https:\/\/solversx.wpprosites.com\/run-in-house\/#breadcrumb","itemListElement":[{"@type":"ListItem","position":1,"name":"Home","item":"https:\/\/solversx.wpprosites.com\/"},{"@type":"ListItem","position":2,"name":"Run-in-House"}]},{"@type":"WebSite","@id":"https:\/\/solversx.wpprosites.com\/#website","url":"https:\/\/solversx.wpprosites.com\/","name":"SOLVERSX Academy","description":"","potentialAction":[{"@type":"SearchAction","target":{"@type":"EntryPoint","urlTemplate":"https:\/\/solversx.wpprosites.com\/?s={search_term_string}"},"query-input":{"@type":"PropertyValueSpecification","valueRequired":true,"valueName":"search_term_string"}}],"inLanguage":"fr-FR"}]}},"_links":{"self":[{"href":"https:\/\/solversx.wpprosites.com\/fr\/wp-json\/wp\/v2\/pages\/1072"}],"collection":[{"href":"https:\/\/solversx.wpprosites.com\/fr\/wp-json\/wp\/v2\/pages"}],"about":[{"href":"https:\/\/solversx.wpprosites.com\/fr\/wp-json\/wp\/v2\/types\/page"}],"author":[{"embeddable":true,"href":"https:\/\/solversx.wpprosites.com\/fr\/wp-json\/wp\/v2\/users\/2"}],"replies":[{"embeddable":true,"href":"https:\/\/solversx.wpprosites.com\/fr\/wp-json\/wp\/v2\/comments?post=1072"}],"version-history":[{"count":5,"href":"https:\/\/solversx.wpprosites.com\/fr\/wp-json\/wp\/v2\/pages\/1072\/revisions"}],"predecessor-version":[{"id":3347,"href":"https:\/\/solversx.wpprosites.com\/fr\/wp-json\/wp\/v2\/pages\/1072\/revisions\/3347"}],"wp:featuredmedia":[{"embeddable":true,"href":"https:\/\/solversx.wpprosites.com\/fr\/wp-json\/wp\/v2\/media\/3068"}],"wp:attachment":[{"href":"https:\/\/solversx.wpprosites.com\/fr\/wp-json\/wp\/v2\/media?parent=1072"}],"curies":[{"name":"wp","href":"https:\/\/api.w.org\/{rel}","templated":true}]}}