{"id":5,"date":"2023-11-02T09:09:43","date_gmt":"2023-11-02T09:09:43","guid":{"rendered":"https:\/\/solversx.wpprosites.com\/home\/"},"modified":"2024-09-28T06:50:50","modified_gmt":"2024-09-28T06:50:50","slug":"home","status":"publish","type":"page","link":"https:\/\/solversx.wpprosites.com\/fr\/","title":{"rendered":"Accueil"},"content":{"rendered":"<h1>\n\t\tUN PARTENAIRE D\u00c9VOU\u00c9 \u00c0 VOTRE R\u00c9USSITE\n\t<\/h1>\n\t<p>Gr\u00e2ce \u00e0 l'expertise de nos professionnels chevronn\u00e9s dans divers domaines, nous apportons une riche exp\u00e9rience de formation r\u00e9ussie et une connaissance approfondie.<\/p>\n<p>Let&#8217;s collaborate to help your teams stay at the forefront in the ever-evolving landscape of business.<\/p>\n\t\t\t<a href=\"https:\/\/solversx.wpprosites.com\/fr\/courses\/\" target=\"_self\" rel=\"noopener\">\n\t\t\t\t\t\t\tVOIR NOS COURS\n\t\t\t\t\t<\/a>\n<h3>\n\t\t\u00c0 votre disposition, une offre de formation compl\u00e8te, con\u00e7ue pour r\u00e9pondre aux pr\u00e9occupations des entreprises performantes et innovantes. <br \/><br \/>Que vous souhaitiez acqu\u00e9rir de nouvelles comp\u00e9tences, approfondir vos connaissances, ou explorer de nouveaux domaines, notre s\u00e9lection de cours propose une vari\u00e9t\u00e9 d'options adapt\u00e9es \u00e0 tous les niveaux.\n\t<\/h3>\n\t\t\t<a href=\"https:\/\/solversx.wpprosites.com\/fr\/esg-training-programs\/\" target=\"_self\" rel=\"noopener\">\n\t\t\t\t\t\t\t<img decoding=\"async\" src=\"https:\/\/solversx.wpprosites.com\/wp-content\/uploads\/2024\/07\/ESG-Training-Programs-1.jpg\" alt=\"ESG Training Programs\" \/>\n\t\t<h3>ESG<\/h3>\n\t\t\t<ul><li>Risques li\u00e9s \u00e0 la durabilit\u00e9 et au climat<\/li><li>ESG pour les Fonds d'Investissement<\/li><li>ISO 37101 Syst\u00e8mes de management pour le d\u00e9veloppement durable dans les communaut\u00e9s<\/li><\/ul>\t\t\n\t\t<\/a>\n\t\t\t<a href=\"https:\/\/solversx.wpprosites.com\/fr\/information-security\/\" target=\"_self\" rel=\"noopener\">\n\t\t\t\t\t\t\t<img decoding=\"async\" src=\"https:\/\/solversx.wpprosites.com\/wp-content\/uploads\/2024\/07\/Information-Security-1.jpg\" alt=\"Information Security\" \/>\n\t\t<h3>S\u00c9CURIT\u00c9 DE L'INFORMATION<\/h3>\n\t\t\t<ul><li>ISO\/IEC 27001 &#8211; Information Security Management Systems<\/li><li>ISO\/IEC 27002 - Mesures de s\u00e9curit\u00e9 de l'information<\/li><li>ISO\/IEC 27005 - Gestion des risques li\u00e9s \u00e0 la s\u00e9curit\u00e9 de l\u2019information<\/li><\/ul>\t\t\n\t\t<\/a>\n\t\t\t<a href=\"https:\/\/solversx.wpprosites.com\/fr\/cybersecurity\/\" target=\"_self\" rel=\"noopener\">\n\t\t\t\t\t\t\t<img decoding=\"async\" src=\"https:\/\/solversx.wpprosites.com\/wp-content\/uploads\/2024\/07\/Cyber-Security-1.jpg\" alt=\"Cyber Security\" \/>\n\t\t<h3>CYBERS\u00c9CURIT\u00c9<\/h3>\n\t\t\t<ul><li>Mod\u00e8le de Maturit\u00e9 en Cybers\u00e9curit\u00e9<\/li><li>Directive NIS 2<\/li><\/ul>\t\t\n\t\t<\/a>\n\t\t\t<a href=\"https:\/\/solversx.wpprosites.com\/fr\/digital-transformation\/\" target=\"_self\" rel=\"noopener\">\n\t\t\t\t\t\t\t<img decoding=\"async\" src=\"https:\/\/solversx.wpprosites.com\/wp-content\/uploads\/2024\/07\/Digital-Transformation-1.jpg\" alt=\"Digital Transformation\" \/>\n\t\t<h3>TRANSFORMATION DIGITALE<\/h3>\n\t\t\t<ul><li>Digital Transformation Officer<\/li><li>ISO 42001 &#8211; Artificial intelligence Management System<\/li><\/ul>\t\t\n\t\t<\/a>\n\t\t\t<a href=\"https:\/\/solversx.wpprosites.com\/fr\/itil-4\/\" target=\"_self\" rel=\"noopener\">\n\t\t\t\t\t\t\t<img decoding=\"async\" src=\"https:\/\/solversx.wpprosites.com\/wp-content\/uploads\/2024\/07\/ITIL-1.jpg\" alt=\"ITIL\" \/>\n\t\t<h3>ITIL\u00ae 4<\/h3>\n\t\t\t<ul><li>ITIL\u00ae 4 Foundation<\/li><li>ITIL\u00ae 4 Specialist<\/li><li>ITIL\u00ae 4 Strategist<\/li><li>ITIL\u00ae 4 Leader<\/li><\/ul>\t\t\n\t\t<\/a>\n\t\t\t<a href=\"https:\/\/solversx.wpprosites.com\/fr\/quality-and-operational-excellence\/\" target=\"_self\" rel=\"noopener\">\n\t\t\t\t\t\t\t<img decoding=\"async\" src=\"https:\/\/solversx.wpprosites.com\/wp-content\/uploads\/2024\/07\/Quality-and-Operational-Excellence.jpg\" alt=\"Quality and Operational Excellence\" \/>\n\t\t<h3>QUALIT\u00c9 ET EXCELLENCE OP\u00c9RATIONNELLE<\/h3>\n\t\t\t<ul><li>ISO 9001 &#8211; Quality Management Systems<\/li><li>Six Sigma Green Belt<\/li><li>Certified Six Sigma Yellow Belt<\/li><\/ul>\t\t\n\t\t<\/a>\n\t\t\t<a href=\"https:\/\/solversx.wpprosites.com\/fr\/governance-risk-and-compliance\/\" target=\"_self\" rel=\"noopener\">\n\t\t\t\t\t\t\t<img decoding=\"async\" src=\"https:\/\/solversx.wpprosites.com\/wp-content\/uploads\/2024\/07\/Governance-Risk-and-Compliance.jpg\" alt=\"Governance, Risk and Compliance\" \/>\n\t\t<h3>GOUVERNANCE, RISQUE ET CONFORMIT\u00c9<\/h3>\n\t\t\t<ul><li>ISO\/IEC 38500 &#8211; Governance of IT for the organization<\/li><li>ISO 37301 - Syst\u00e8mes de management de la conformit\u00e9<\/li><li>Digital Operational Resilience Act &#8211; DORA Lead Manager<\/li><li>ISO 31000 - Management du risque<\/li><\/ul>\t\t\n\t\t<\/a>","protected":false},"excerpt":{"rendered":"<p>A DEDICATED PARTNER IN YOUR JOURNEY TO SUCCESS. Leveraging the field expertise of our seasoned professionals, we bring a wealth of successful training experience and in-depth knowledge. Let&#8217;s collaborate to help your teams stay at the forefront in the ever-evolving landscape of business. SOLVERSX COURSE At your disposal is a comprehensive training offer, designed to&hellip;<\/p>","protected":false},"author":1,"featured_media":3068,"parent":0,"menu_order":0,"comment_status":"closed","ping_status":"closed","template":"","meta":{"nf_dc_page":"home","footnotes":""},"class_list":["post-5","page","type-page","status-publish","has-post-thumbnail","hentry"],"yoast_head":"<!-- This site is optimized with the Yoast SEO plugin v23.5 - https:\/\/yoast.com\/wordpress\/plugins\/seo\/ -->\n<title>Academy by SOLVERSX \u2013 Where expertise and experience meet a passion for professional education<\/title>\n<meta name=\"description\" content=\"Leveraging the field expertise of our seasoned professionals, we bring a wealth of successful training experience and in-depth knowledge.\" \/>\n<meta name=\"robots\" content=\"noindex, follow, max-snippet:-1, max-image-preview:large, max-video-preview:-1\" \/>\n<meta property=\"og:locale\" content=\"fr_FR\" \/>\n<meta property=\"og:type\" content=\"article\" \/>\n<meta property=\"og:title\" content=\"Academy by SOLVERSX \u2013 Where expertise and experience meet a passion for professional education\" \/>\n<meta property=\"og:description\" content=\"Leveraging the field expertise of our seasoned professionals, we bring a wealth of successful training experience and in-depth knowledge.\" \/>\n<meta property=\"og:url\" content=\"https:\/\/solversx.wpprosites.com\/fr\/\" \/>\n<meta property=\"og:site_name\" content=\"SOLVERSX Academy\" \/>\n<meta property=\"article:modified_time\" content=\"2024-09-28T06:50:50+00:00\" \/>\n<meta property=\"og:image\" content=\"https:\/\/solversx.wpprosites.com\/wp-content\/uploads\/2024\/08\/favicon.png\" \/>\n\t<meta property=\"og:image:width\" content=\"512\" \/>\n\t<meta property=\"og:image:height\" content=\"512\" \/>\n\t<meta property=\"og:image:type\" content=\"image\/png\" \/>\n<meta name=\"twitter:card\" content=\"summary_large_image\" \/>\n<meta name=\"twitter:label1\" content=\"Dur\u00e9e de lecture estim\u00e9e\" \/>\n\t<meta name=\"twitter:data1\" content=\"3 minutes\" \/>\n<script type=\"application\/ld+json\" class=\"yoast-schema-graph\">{\"@context\":\"https:\/\/schema.org\",\"@graph\":[{\"@type\":\"WebPage\",\"@id\":\"https:\/\/solversx.wpprosites.com\/\",\"url\":\"https:\/\/solversx.wpprosites.com\/\",\"name\":\"Academy by SOLVERSX \u2013 Where expertise and experience meet a passion for professional education\",\"isPartOf\":{\"@id\":\"https:\/\/solversx.wpprosites.com\/#website\"},\"primaryImageOfPage\":{\"@id\":\"https:\/\/solversx.wpprosites.com\/#primaryimage\"},\"image\":{\"@id\":\"https:\/\/solversx.wpprosites.com\/#primaryimage\"},\"thumbnailUrl\":\"https:\/\/solversx.wpprosites.com\/wp-content\/uploads\/2024\/08\/favicon.png\",\"datePublished\":\"2023-11-02T09:09:43+00:00\",\"dateModified\":\"2024-09-28T06:50:50+00:00\",\"description\":\"Leveraging the field expertise of our seasoned professionals, we bring a wealth of successful training experience and in-depth knowledge.\",\"breadcrumb\":{\"@id\":\"https:\/\/solversx.wpprosites.com\/#breadcrumb\"},\"inLanguage\":\"fr-FR\",\"potentialAction\":[{\"@type\":\"ReadAction\",\"target\":[\"https:\/\/solversx.wpprosites.com\/\"]}]},{\"@type\":\"ImageObject\",\"inLanguage\":\"fr-FR\",\"@id\":\"https:\/\/solversx.wpprosites.com\/#primaryimage\",\"url\":\"https:\/\/solversx.wpprosites.com\/wp-content\/uploads\/2024\/08\/favicon.png\",\"contentUrl\":\"https:\/\/solversx.wpprosites.com\/wp-content\/uploads\/2024\/08\/favicon.png\",\"width\":512,\"height\":512,\"caption\":\"favicon\"},{\"@type\":\"BreadcrumbList\",\"@id\":\"https:\/\/solversx.wpprosites.com\/#breadcrumb\",\"itemListElement\":[{\"@type\":\"ListItem\",\"position\":1,\"name\":\"Home\",\"item\":\"https:\/\/solversx.wpprosites.com\/\"},{\"@type\":\"ListItem\",\"position\":2,\"name\":\"Home\"}]},{\"@type\":\"WebSite\",\"@id\":\"https:\/\/solversx.wpprosites.com\/#website\",\"url\":\"https:\/\/solversx.wpprosites.com\/\",\"name\":\"SOLVERSX Academy\",\"description\":\"\",\"potentialAction\":[{\"@type\":\"SearchAction\",\"target\":{\"@type\":\"EntryPoint\",\"urlTemplate\":\"https:\/\/solversx.wpprosites.com\/?s={search_term_string}\"},\"query-input\":{\"@type\":\"PropertyValueSpecification\",\"valueRequired\":true,\"valueName\":\"search_term_string\"}}],\"inLanguage\":\"fr-FR\"}]}<\/script>\n<!-- \/ Yoast SEO plugin. -->","yoast_head_json":{"title":"Academy by SOLVERSX \u2013 Where expertise and experience meet a passion for professional education","description":"Gr\u00e2ce \u00e0 l'expertise de nos professionnels chevronn\u00e9s dans divers domaines, nous apportons une riche exp\u00e9rience de formation r\u00e9ussie et une connaissance approfondie.","robots":{"index":"noindex","follow":"follow","max-snippet":"max-snippet:-1","max-image-preview":"max-image-preview:large","max-video-preview":"max-video-preview:-1"},"og_locale":"fr_FR","og_type":"article","og_title":"Academy by SOLVERSX \u2013 Where expertise and experience meet a passion for professional education","og_description":"Leveraging the field expertise of our seasoned professionals, we bring a wealth of successful training experience and in-depth knowledge.","og_url":"https:\/\/solversx.wpprosites.com\/fr\/","og_site_name":"SOLVERSX Academy","article_modified_time":"2024-09-28T06:50:50+00:00","og_image":[{"width":512,"height":512,"url":"https:\/\/solversx.wpprosites.com\/wp-content\/uploads\/2024\/08\/favicon.png","type":"image\/png"}],"twitter_card":"summary_large_image","twitter_misc":{"Dur\u00e9e de lecture estim\u00e9e":"3 minutes"},"schema":{"@context":"https:\/\/schema.org","@graph":[{"@type":"WebPage","@id":"https:\/\/solversx.wpprosites.com\/","url":"https:\/\/solversx.wpprosites.com\/","name":"Academy by SOLVERSX \u2013 Where expertise and experience meet a passion for professional education","isPartOf":{"@id":"https:\/\/solversx.wpprosites.com\/#website"},"primaryImageOfPage":{"@id":"https:\/\/solversx.wpprosites.com\/#primaryimage"},"image":{"@id":"https:\/\/solversx.wpprosites.com\/#primaryimage"},"thumbnailUrl":"https:\/\/solversx.wpprosites.com\/wp-content\/uploads\/2024\/08\/favicon.png","datePublished":"2023-11-02T09:09:43+00:00","dateModified":"2024-09-28T06:50:50+00:00","description":"Gr\u00e2ce \u00e0 l'expertise de nos professionnels chevronn\u00e9s dans divers domaines, nous apportons une riche exp\u00e9rience de formation r\u00e9ussie et une connaissance approfondie.","breadcrumb":{"@id":"https:\/\/solversx.wpprosites.com\/#breadcrumb"},"inLanguage":"fr-FR","potentialAction":[{"@type":"ReadAction","target":["https:\/\/solversx.wpprosites.com\/"]}]},{"@type":"ImageObject","inLanguage":"fr-FR","@id":"https:\/\/solversx.wpprosites.com\/#primaryimage","url":"https:\/\/solversx.wpprosites.com\/wp-content\/uploads\/2024\/08\/favicon.png","contentUrl":"https:\/\/solversx.wpprosites.com\/wp-content\/uploads\/2024\/08\/favicon.png","width":512,"height":512,"caption":"favicon"},{"@type":"BreadcrumbList","@id":"https:\/\/solversx.wpprosites.com\/#breadcrumb","itemListElement":[{"@type":"ListItem","position":1,"name":"Home","item":"https:\/\/solversx.wpprosites.com\/"},{"@type":"ListItem","position":2,"name":"Home"}]},{"@type":"WebSite","@id":"https:\/\/solversx.wpprosites.com\/#website","url":"https:\/\/solversx.wpprosites.com\/","name":"SOLVERSX Academy","description":"","potentialAction":[{"@type":"SearchAction","target":{"@type":"EntryPoint","urlTemplate":"https:\/\/solversx.wpprosites.com\/?s={search_term_string}"},"query-input":{"@type":"PropertyValueSpecification","valueRequired":true,"valueName":"search_term_string"}}],"inLanguage":"fr-FR"}]}},"_links":{"self":[{"href":"https:\/\/solversx.wpprosites.com\/fr\/wp-json\/wp\/v2\/pages\/5"}],"collection":[{"href":"https:\/\/solversx.wpprosites.com\/fr\/wp-json\/wp\/v2\/pages"}],"about":[{"href":"https:\/\/solversx.wpprosites.com\/fr\/wp-json\/wp\/v2\/types\/page"}],"author":[{"embeddable":true,"href":"https:\/\/solversx.wpprosites.com\/fr\/wp-json\/wp\/v2\/users\/1"}],"replies":[{"embeddable":true,"href":"https:\/\/solversx.wpprosites.com\/fr\/wp-json\/wp\/v2\/comments?post=5"}],"version-history":[{"count":5,"href":"https:\/\/solversx.wpprosites.com\/fr\/wp-json\/wp\/v2\/pages\/5\/revisions"}],"predecessor-version":[{"id":3330,"href":"https:\/\/solversx.wpprosites.com\/fr\/wp-json\/wp\/v2\/pages\/5\/revisions\/3330"}],"wp:featuredmedia":[{"embeddable":true,"href":"https:\/\/solversx.wpprosites.com\/fr\/wp-json\/wp\/v2\/media\/3068"}],"wp:attachment":[{"href":"https:\/\/solversx.wpprosites.com\/fr\/wp-json\/wp\/v2\/media?parent=5"}],"curies":[{"name":"wp","href":"https:\/\/api.w.org\/{rel}","templated":true}]}}